{"id":81,"date":"2023-02-27T17:08:16","date_gmt":"2023-02-27T17:08:16","guid":{"rendered":"https:\/\/www.crpb.be\/wp\/?page_id=81"},"modified":"2026-05-05T12:22:47","modified_gmt":"2026-05-05T12:22:47","slug":"nieuws","status":"publish","type":"page","link":"https:\/\/www.crpb.be\/wp\/nl\/nieuws\/","title":{"rendered":"Nieuws"},"content":{"rendered":"\n<figure class=\"wp-block-image aligncenter size-full is-resized\"><img loading=\"lazy\" decoding=\"async\" width=\"1700\" height=\"696\" src=\"https:\/\/www.crpb.be\/wp\/wp-content\/uploads\/2023\/03\/18-09-13_Chorale_069.jpg\" alt=\"\" class=\"wp-image-104\" style=\"width:678px;height:auto\" srcset=\"https:\/\/www.crpb.be\/wp\/wp-content\/uploads\/2023\/03\/18-09-13_Chorale_069.jpg 1700w, https:\/\/www.crpb.be\/wp\/wp-content\/uploads\/2023\/03\/18-09-13_Chorale_069-300x123.jpg 300w, https:\/\/www.crpb.be\/wp\/wp-content\/uploads\/2023\/03\/18-09-13_Chorale_069-1024x419.jpg 1024w, https:\/\/www.crpb.be\/wp\/wp-content\/uploads\/2023\/03\/18-09-13_Chorale_069-768x314.jpg 768w, https:\/\/www.crpb.be\/wp\/wp-content\/uploads\/2023\/03\/18-09-13_Chorale_069-1536x629.jpg 1536w\" sizes=\"auto, (max-width: 1700px) 100vw, 1700px\" \/><\/figure>\n\n\n<ul class=\"wp-block-latest-posts__list wp-block-latest-posts\"><li><a class=\"wp-block-latest-posts__post-title\" href=\"https:\/\/www.crpb.be\/wp\/en\/cathedralis-bruxellensis-3\/\">Cathedralis Bruxellensis<\/a><div class=\"wp-block-latest-posts__post-excerpt\">On Sunday, July 26 at 11 a.m., the CRPB will participate in the &#8220;Musical Sundays&#8221; at the Cathedral of Saints Michael and Gudula in Brussels and will sing during the Sunday mass.<\/div><\/li>\n<li><a class=\"wp-block-latest-posts__post-title\" href=\"https:\/\/www.crpb.be\/wp\/nl\/cathedralis-bruxellensis-2\/\">Cathedralis Bruxellensis<\/a><div class=\"wp-block-latest-posts__post-excerpt\">Op zondag 26 juli om 11.00 uur neemt het CRPB deel aan de &#8220;Muzikale Zondagen&#8221; in de Sint-Michiels en Sint-Goedelekathedraal in Brussel en zal zingen tijdens de zondagsmis.<\/div><\/li>\n<li><a class=\"wp-block-latest-posts__post-title\" href=\"https:\/\/www.crpb.be\/wp\/cathedralis-bruxellensis\/\">Cathedralis Bruxellensis<\/a><div class=\"wp-block-latest-posts__post-excerpt\">Le dimanche 26 juillet \u00e0 11h, la CRPB participera aux &#8220;Dimanches Musicaux&#8221; de la Cath\u00e9drale Saints-Michel-et-Gudule \u00e0 Bruxelles et chantera durant la messe dominicale.<\/div><\/li>\n<li><a class=\"wp-block-latest-posts__post-title\" href=\"https:\/\/www.crpb.be\/wp\/nl\/25-april-2026-2\/\">25 April 2026<\/a><div class=\"wp-block-latest-posts__post-excerpt\">Op 25 april presenteert het Koninklijk Protestants Koor van Brussel met genoegen een concert met renaissancemuziek. We voeren een selectie uit van geestelijke en wereldlijke muziek van Lassus, Josquin, Palestrina en vele anderen. Het concert vindt plaats in het kader van de festiviteiten ter ere van het 50-jarig jubileum van het Collon-orgel in de Sint-Marcuskerk.\u2026 <a class=\"wp-block-latest-posts__read-more\" href=\"https:\/\/www.crpb.be\/wp\/nl\/25-april-2026-2\/\" rel=\"noopener noreferrer\">Read more<span class=\"screen-reader-text\">: 25 April 2026<\/span><\/a><\/div><\/li>\n<li><a class=\"wp-block-latest-posts__post-title\" href=\"https:\/\/www.crpb.be\/wp\/en\/25-april-2026\/\">25 April 2026<\/a><div class=\"wp-block-latest-posts__post-excerpt\">On April 25th, the Chorale royale protestante de Bruxelles is pleased to present a concert of Renaissance music. We will perform a selection of sacred and secular music by Lassus, Josquin, Palestrina, and many others. The concert will take place as part of the festivities celebrating the 50th anniversary of the Collon organ in Saint-Marc\u2026 <a class=\"wp-block-latest-posts__read-more\" href=\"https:\/\/www.crpb.be\/wp\/en\/25-april-2026\/\" rel=\"noopener noreferrer\">Read more<span class=\"screen-reader-text\">: 25 April 2026<\/span><\/a><\/div><\/li>\n<\/ul>","protected":false},"excerpt":{"rendered":"","protected":false},"author":1,"featured_media":0,"parent":0,"menu_order":0,"comment_status":"closed","ping_status":"closed","template":"","meta":{"footnotes":""},"class_list":["post-81","page","type-page","status-publish","hentry"],"_links":{"self":[{"href":"https:\/\/www.crpb.be\/wp\/wp-json\/wp\/v2\/pages\/81","targetHints":{"allow":["GET"]}}],"collection":[{"href":"https:\/\/www.crpb.be\/wp\/wp-json\/wp\/v2\/pages"}],"about":[{"href":"https:\/\/www.crpb.be\/wp\/wp-json\/wp\/v2\/types\/page"}],"author":[{"embeddable":true,"href":"https:\/\/www.crpb.be\/wp\/wp-json\/wp\/v2\/users\/1"}],"replies":[{"embeddable":true,"href":"https:\/\/www.crpb.be\/wp\/wp-json\/wp\/v2\/comments?post=81"}],"version-history":[{"count":19,"href":"https:\/\/www.crpb.be\/wp\/wp-json\/wp\/v2\/pages\/81\/revisions"}],"predecessor-version":[{"id":396,"href":"https:\/\/www.crpb.be\/wp\/wp-json\/wp\/v2\/pages\/81\/revisions\/396"}],"wp:attachment":[{"href":"https:\/\/www.crpb.be\/wp\/wp-json\/wp\/v2\/media?parent=81"}],"curies":[{"name":"wp","href":"https:\/\/api.w.org\/{rel}","templated":true}]}}